{"id":296,"date":"2025-10-04T19:01:41","date_gmt":"2025-10-04T19:01:41","guid":{"rendered":"https:\/\/colihual.cl\/?post_type=product&#038;p=296"},"modified":"2025-10-10T15:34:29","modified_gmt":"2025-10-10T15:34:29","slug":"colihues","status":"publish","type":"product","link":"https:\/\/colihual.cl\/index.php\/product\/colihues\/","title":{"rendered":"Colihues"},"content":{"rendered":"<p>Los colihues agr\u00edcolas son varas naturales de bamb\u00fa seleccionadas y tratadas para brindar <strong>soporte a cultivos en desarrollo<\/strong>. Su <strong>flexibilidad, resistencia y durabilidad<\/strong> los convierten en una soluci\u00f3n ideal para tutores, espalderas y estructuras agr\u00edcolas temporales. Ofrecen un excelente comportamiento en distintas condiciones clim\u00e1ticas y una <strong>vida \u00fatil prolongada en terreno<\/strong>. Son utilizados en plantaciones de frutales, hortalizas y vi\u00f1as, asegurando el crecimiento recto y estable de las plantas durante sus primeras etapas.<\/p>\n<p>Caracter\u00edsticas:<\/p>\n<ul>\n<li>Material: Colihue natural.<\/li>\n<li>Usos: Tutores, espalderas y soportes agr\u00edcolas.<\/li>\n<li>Medidas disponibles: Desde 1,2 m hasta 5 m de largo.<\/li>\n<\/ul>\n","protected":false},"excerpt":{"rendered":"<p>Colihues naturales seleccionados para tutores agr\u00edcolas, resistentes y duraderos.<br \/>\nIdeales para el <strong>soporte de plantas en crecimiento y estructuras livianas<\/strong>.<br \/>\nDisponibles en distintas medidas, desde 1,5 hasta 5 metros.<\/p>\n<p><img loading=\"lazy\" decoding=\"async\" class=\"aligncenter wp-image-422 size-medium\" src=\"https:\/\/colihual.cl\/wp-content\/uploads\/2025\/10\/medidas-colihues-300x109.jpg\" alt=\"\" width=\"300\" height=\"109\" srcset=\"https:\/\/colihual.cl\/wp-content\/uploads\/2025\/10\/medidas-colihues-300x109.jpg 300w, https:\/\/colihual.cl\/wp-content\/uploads\/2025\/10\/medidas-colihues.jpg 500w\" sizes=\"auto, (max-width: 300px) 100vw, 300px\" \/><\/p>\n<p>&nbsp;<\/p>\n","protected":false},"featured_media":350,"template":"","meta":{"site-sidebar-layout":"default","site-content-layout":"","ast-site-content-layout":"default","site-content-style":"default","site-sidebar-style":"default","ast-global-header-display":"","ast-banner-title-visibility":"","ast-main-header-display":"","ast-hfb-above-header-display":"","ast-hfb-below-header-display":"","ast-hfb-mobile-header-display":"","site-post-title":"","ast-breadcrumbs-content":"","ast-featured-img":"","footer-sml-layout":"","ast-disable-related-posts":"","theme-transparent-header-meta":"default","adv-header-id-meta":"","stick-header-meta":"","header-above-stick-meta":"","header-main-stick-meta":"","header-below-stick-meta":"","astra-migrate-meta-layouts":"set","ast-page-background-enabled":"default","ast-page-background-meta":{"desktop":{"background-color":"var(--ast-global-color-5)","background-image":"","background-repeat":"repeat","background-position":"center center","background-size":"auto","background-attachment":"scroll","background-type":"","background-media":"","overlay-type":"","overlay-color":"","overlay-opacity":"","overlay-gradient":""},"tablet":{"background-color":"","background-image":"","background-repeat":"repeat","background-position":"center center","background-size":"auto","background-attachment":"scroll","background-type":"","background-media":"","overlay-type":"","overlay-color":"","overlay-opacity":"","overlay-gradient":""},"mobile":{"background-color":"","background-image":"","background-repeat":"repeat","background-position":"center center","background-size":"auto","background-attachment":"scroll","background-type":"","background-media":"","overlay-type":"","overlay-color":"","overlay-opacity":"","overlay-gradient":""}},"ast-content-background-meta":{"desktop":{"background-color":"var(--ast-global-color-4)","background-image":"","background-repeat":"repeat","background-position":"center center","background-size":"auto","background-attachment":"scroll","background-type":"","background-media":"","overlay-type":"","overlay-color":"","overlay-opacity":"","overlay-gradient":""},"tablet":{"background-color":"var(--ast-global-color-4)","background-image":"","background-repeat":"repeat","background-position":"center center","background-size":"auto","background-attachment":"scroll","background-type":"","background-media":"","overlay-type":"","overlay-color":"","overlay-opacity":"","overlay-gradient":""},"mobile":{"background-color":"var(--ast-global-color-4)","background-image":"","background-repeat":"repeat","background-position":"center center","background-size":"auto","background-attachment":"scroll","background-type":"","background-media":"","overlay-type":"","overlay-color":"","overlay-opacity":"","overlay-gradient":""}}},"product_brand":[],"product_cat":[24],"product_tag":[85,82,80,78,83,84,81,79],"class_list":{"0":"post-296","1":"product","2":"type-product","3":"status-publish","4":"has-post-thumbnail","6":"product_cat-estructuras-y-soportes","7":"product_tag-agricola","8":"product_tag-bambu-natural","9":"product_tag-cana","10":"product_tag-colihue","11":"product_tag-cultivo","12":"product_tag-espaldera","13":"product_tag-soporte-vegetal","14":"product_tag-tutor-agricola","15":"desktop-align-center","16":"tablet-align-left","17":"mobile-align-left","19":"first","20":"instock","21":"shipping-taxable","22":"product-type-simple"},"_links":{"self":[{"href":"https:\/\/colihual.cl\/index.php\/wp-json\/wp\/v2\/product\/296","targetHints":{"allow":["GET"]}}],"collection":[{"href":"https:\/\/colihual.cl\/index.php\/wp-json\/wp\/v2\/product"}],"about":[{"href":"https:\/\/colihual.cl\/index.php\/wp-json\/wp\/v2\/types\/product"}],"wp:featuredmedia":[{"embeddable":true,"href":"https:\/\/colihual.cl\/index.php\/wp-json\/wp\/v2\/media\/350"}],"wp:attachment":[{"href":"https:\/\/colihual.cl\/index.php\/wp-json\/wp\/v2\/media?parent=296"}],"wp:term":[{"taxonomy":"product_brand","embeddable":true,"href":"https:\/\/colihual.cl\/index.php\/wp-json\/wp\/v2\/product_brand?post=296"},{"taxonomy":"product_cat","embeddable":true,"href":"https:\/\/colihual.cl\/index.php\/wp-json\/wp\/v2\/product_cat?post=296"},{"taxonomy":"product_tag","embeddable":true,"href":"https:\/\/colihual.cl\/index.php\/wp-json\/wp\/v2\/product_tag?post=296"}],"curies":[{"name":"wp","href":"https:\/\/api.w.org\/{rel}","templated":true}]}}