{"id":213,"date":"2025-09-30T20:13:21","date_gmt":"2025-09-30T20:13:21","guid":{"rendered":"https:\/\/colihual.cl\/?post_type=product&#038;p=213"},"modified":"2025-10-10T14:44:58","modified_gmt":"2025-10-10T14:44:58","slug":"maxisacos","status":"publish","type":"product","link":"https:\/\/colihual.cl\/index.php\/product\/maxisacos\/","title":{"rendered":"Maxisacos"},"content":{"rendered":"<p data-start=\"187\" data-end=\"412\">Los maxisacos son <strong>envases industriales de gran capacidad<\/strong> dise\u00f1ados para el <strong>almacenamiento y transporte<\/strong> de materiales a granel como fertilizantes, semillas, granos o productos agr\u00edcolas en general.<\/p>\n<p data-start=\"414\" data-end=\"676\">Ofrecen <strong>seguridad, durabilidad y facilidad de manipulaci\u00f3n<\/strong>, soportando cargas pesadas sin deformarse. Adem\u00e1s, cuentan con asas para gr\u00faas o montacargas, lo que facilita su traslado en faenas agr\u00edcolas y bodegas.<\/p>\n","protected":false},"excerpt":{"rendered":"<p>Maxisacos de <strong>polipropileno resistentes para transporte y almacenamiento<\/strong> de productos agr\u00edcolas a granel.<\/p>\n<p><img loading=\"lazy\" decoding=\"async\" class=\"aligncenter wp-image-416 size-full\" src=\"https:\/\/colihual.cl\/wp-content\/uploads\/2025\/09\/maxisacos-medidas-1.png\" alt=\"\" width=\"500\" height=\"500\" srcset=\"https:\/\/colihual.cl\/wp-content\/uploads\/2025\/09\/maxisacos-medidas-1.png 500w, https:\/\/colihual.cl\/wp-content\/uploads\/2025\/09\/maxisacos-medidas-1-300x300.png 300w, https:\/\/colihual.cl\/wp-content\/uploads\/2025\/09\/maxisacos-medidas-1-150x150.png 150w, https:\/\/colihual.cl\/wp-content\/uploads\/2025\/09\/maxisacos-medidas-1-100x100.png 100w\" sizes=\"auto, (max-width: 500px) 100vw, 500px\" \/><\/p>\n","protected":false},"featured_media":358,"template":"","meta":{"site-sidebar-layout":"default","site-content-layout":"","ast-site-content-layout":"default","site-content-style":"default","site-sidebar-style":"default","ast-global-header-display":"","ast-banner-title-visibility":"","ast-main-header-display":"","ast-hfb-above-header-display":"","ast-hfb-below-header-display":"","ast-hfb-mobile-header-display":"","site-post-title":"","ast-breadcrumbs-content":"","ast-featured-img":"","footer-sml-layout":"","ast-disable-related-posts":"","theme-transparent-header-meta":"default","adv-header-id-meta":"","stick-header-meta":"","header-above-stick-meta":"","header-main-stick-meta":"","header-below-stick-meta":"","astra-migrate-meta-layouts":"set","ast-page-background-enabled":"default","ast-page-background-meta":{"desktop":{"background-color":"var(--ast-global-color-5)","background-image":"","background-repeat":"repeat","background-position":"center center","background-size":"auto","background-attachment":"scroll","background-type":"","background-media":"","overlay-type":"","overlay-color":"","overlay-opacity":"","overlay-gradient":""},"tablet":{"background-color":"","background-image":"","background-repeat":"repeat","background-position":"center center","background-size":"auto","background-attachment":"scroll","background-type":"","background-media":"","overlay-type":"","overlay-color":"","overlay-opacity":"","overlay-gradient":""},"mobile":{"background-color":"","background-image":"","background-repeat":"repeat","background-position":"center center","background-size":"auto","background-attachment":"scroll","background-type":"","background-media":"","overlay-type":"","overlay-color":"","overlay-opacity":"","overlay-gradient":""}},"ast-content-background-meta":{"desktop":{"background-color":"var(--ast-global-color-4)","background-image":"","background-repeat":"repeat","background-position":"center center","background-size":"auto","background-attachment":"scroll","background-type":"","background-media":"","overlay-type":"","overlay-color":"","overlay-opacity":"","overlay-gradient":""},"tablet":{"background-color":"var(--ast-global-color-4)","background-image":"","background-repeat":"repeat","background-position":"center center","background-size":"auto","background-attachment":"scroll","background-type":"","background-media":"","overlay-type":"","overlay-color":"","overlay-opacity":"","overlay-gradient":""},"mobile":{"background-color":"var(--ast-global-color-4)","background-image":"","background-repeat":"repeat","background-position":"center center","background-size":"auto","background-attachment":"scroll","background-type":"","background-media":"","overlay-type":"","overlay-color":"","overlay-opacity":"","overlay-gradient":""}}},"product_brand":[],"product_cat":[70],"product_tag":[100,74,76,73,101,71,72,75],"class_list":{"0":"post-213","1":"product","2":"type-product","3":"status-publish","4":"has-post-thumbnail","6":"product_cat-almacenaje","7":"product_tag-bolsa-grandes-para-frutos-secos","8":"product_tag-bolsas-grandes-para-fertilizantes","9":"product_tag-envases-agricolas-a-granel","10":"product_tag-envases-industriales","11":"product_tag-frutos-secos","12":"product_tag-maxisacos","13":"product_tag-maxisacos-agricolas","14":"product_tag-maxisacos-transporte","15":"desktop-align-center","16":"tablet-align-left","17":"mobile-align-left","19":"first","20":"instock","21":"shipping-taxable","22":"product-type-simple"},"_links":{"self":[{"href":"https:\/\/colihual.cl\/index.php\/wp-json\/wp\/v2\/product\/213","targetHints":{"allow":["GET"]}}],"collection":[{"href":"https:\/\/colihual.cl\/index.php\/wp-json\/wp\/v2\/product"}],"about":[{"href":"https:\/\/colihual.cl\/index.php\/wp-json\/wp\/v2\/types\/product"}],"wp:featuredmedia":[{"embeddable":true,"href":"https:\/\/colihual.cl\/index.php\/wp-json\/wp\/v2\/media\/358"}],"wp:attachment":[{"href":"https:\/\/colihual.cl\/index.php\/wp-json\/wp\/v2\/media?parent=213"}],"wp:term":[{"taxonomy":"product_brand","embeddable":true,"href":"https:\/\/colihual.cl\/index.php\/wp-json\/wp\/v2\/product_brand?post=213"},{"taxonomy":"product_cat","embeddable":true,"href":"https:\/\/colihual.cl\/index.php\/wp-json\/wp\/v2\/product_cat?post=213"},{"taxonomy":"product_tag","embeddable":true,"href":"https:\/\/colihual.cl\/index.php\/wp-json\/wp\/v2\/product_tag?post=213"}],"curies":[{"name":"wp","href":"https:\/\/api.w.org\/{rel}","templated":true}]}}