{"id":205,"date":"2025-09-30T19:46:09","date_gmt":"2025-09-30T19:46:09","guid":{"rendered":"https:\/\/colihual.cl\/?post_type=product&#038;p=205"},"modified":"2025-10-08T17:05:01","modified_gmt":"2025-10-08T17:05:01","slug":"alambre-galvanizado","status":"publish","type":"product","link":"https:\/\/colihual.cl\/index.php\/product\/alambre-galvanizado\/","title":{"rendered":"Alambre Galvanizado"},"content":{"rendered":"<p>Alambre galvanizado de uso agr\u00edcola y multiprop\u00f3sito, dise\u00f1ado para soportar condiciones clim\u00e1ticas y asegurar larga vida \u00fatil gracias a su recubrimiento anticorrosi\u00f3n. Disponible en diferentes calibres para adaptarse a cada necesidad de instalaci\u00f3n o cultivo.<\/p>\n<p data-start=\"1087\" data-end=\"1117\"><strong data-start=\"1087\" data-end=\"1117\">Especificaciones t\u00e9cnicas:<\/strong><\/p>\n<ul data-start=\"1118\" data-end=\"1491\">\n<li data-start=\"1118\" data-end=\"1178\">\n<p data-start=\"1120\" data-end=\"1178\"><strong data-start=\"1120\" data-end=\"1133\">Calibre 6<\/strong> \u2013 Di\u00e1metro 5,16 mm \u2013 Rendimiento 6,00 m\/kg<\/p>\n<\/li>\n<li data-start=\"1179\" data-end=\"1239\">\n<p data-start=\"1181\" data-end=\"1239\"><strong data-start=\"1181\" data-end=\"1194\">Calibre 8<\/strong> \u2013 Di\u00e1metro 4,19 mm \u2013 Rendimiento 9,20 m\/kg<\/p>\n<\/li>\n<li data-start=\"1240\" data-end=\"1302\">\n<p data-start=\"1242\" data-end=\"1302\"><strong data-start=\"1242\" data-end=\"1256\">Calibre 10<\/strong> \u2013 Di\u00e1metro 3,40 mm \u2013 Rendimiento 14,00 m\/kg<\/p>\n<\/li>\n<li data-start=\"1303\" data-end=\"1365\">\n<p data-start=\"1305\" data-end=\"1365\"><strong data-start=\"1305\" data-end=\"1319\">Calibre 12<\/strong> \u2013 Di\u00e1metro 2,77 mm \u2013 Rendimiento 21,10 m\/kg<\/p>\n<\/li>\n<li data-start=\"1366\" data-end=\"1428\">\n<p data-start=\"1368\" data-end=\"1428\"><strong data-start=\"1368\" data-end=\"1382\">Calibre 14<\/strong> \u2013 Di\u00e1metro 2,11 mm \u2013 Rendimiento 36,40 m\/kg<\/p>\n<\/li>\n<li data-start=\"1429\" data-end=\"1491\">\n<p data-start=\"1431\" data-end=\"1491\"><strong data-start=\"1431\" data-end=\"1445\">Calibre 16<\/strong> \u2013 Di\u00e1metro 1,65 mm \u2013 Rendimiento 59,60 m\/kg<\/p>\n<\/li>\n<\/ul>\n","protected":false},"excerpt":{"rendered":"<p><strong>Alambre galvanizado anticorrosi\u00f3n<\/strong>, calibres 6 a 16 disponibles. Ideal para cercos y uso agr\u00edcola.<\/p>\n","protected":false},"featured_media":366,"template":"","meta":{"site-sidebar-layout":"default","site-content-layout":"","ast-site-content-layout":"default","site-content-style":"default","site-sidebar-style":"default","ast-global-header-display":"","ast-banner-title-visibility":"","ast-main-header-display":"","ast-hfb-above-header-display":"","ast-hfb-below-header-display":"","ast-hfb-mobile-header-display":"","site-post-title":"","ast-breadcrumbs-content":"","ast-featured-img":"","footer-sml-layout":"","ast-disable-related-posts":"","theme-transparent-header-meta":"default","adv-header-id-meta":"","stick-header-meta":"","header-above-stick-meta":"","header-main-stick-meta":"","header-below-stick-meta":"","astra-migrate-meta-layouts":"set","ast-page-background-enabled":"default","ast-page-background-meta":{"desktop":{"background-color":"var(--ast-global-color-5)","background-image":"","background-repeat":"repeat","background-position":"center center","background-size":"auto","background-attachment":"scroll","background-type":"","background-media":"","overlay-type":"","overlay-color":"","overlay-opacity":"","overlay-gradient":""},"tablet":{"background-color":"","background-image":"","background-repeat":"repeat","background-position":"center center","background-size":"auto","background-attachment":"scroll","background-type":"","background-media":"","overlay-type":"","overlay-color":"","overlay-opacity":"","overlay-gradient":""},"mobile":{"background-color":"","background-image":"","background-repeat":"repeat","background-position":"center center","background-size":"auto","background-attachment":"scroll","background-type":"","background-media":"","overlay-type":"","overlay-color":"","overlay-opacity":"","overlay-gradient":""}},"ast-content-background-meta":{"desktop":{"background-color":"var(--ast-global-color-4)","background-image":"","background-repeat":"repeat","background-position":"center center","background-size":"auto","background-attachment":"scroll","background-type":"","background-media":"","overlay-type":"","overlay-color":"","overlay-opacity":"","overlay-gradient":""},"tablet":{"background-color":"var(--ast-global-color-4)","background-image":"","background-repeat":"repeat","background-position":"center center","background-size":"auto","background-attachment":"scroll","background-type":"","background-media":"","overlay-type":"","overlay-color":"","overlay-opacity":"","overlay-gradient":""},"mobile":{"background-color":"var(--ast-global-color-4)","background-image":"","background-repeat":"repeat","background-position":"center center","background-size":"auto","background-attachment":"scroll","background-type":"","background-media":"","overlay-type":"","overlay-color":"","overlay-opacity":"","overlay-gradient":""}}},"product_brand":[],"product_cat":[44],"product_tag":[50,54,55,53,56],"class_list":{"0":"post-205","1":"product","2":"type-product","3":"status-publish","4":"has-post-thumbnail","6":"product_cat-sistemas-de-conduccion-y-amarre","7":"product_tag-alambre-agricola","8":"product_tag-alambre-anticorrosion","9":"product_tag-alambre-cercos","10":"product_tag-alambre-galvanizado","11":"product_tag-alambre-multiproposito","12":"desktop-align-center","13":"tablet-align-left","14":"mobile-align-left","16":"first","17":"instock","18":"shipping-taxable","19":"product-type-simple"},"_links":{"self":[{"href":"https:\/\/colihual.cl\/index.php\/wp-json\/wp\/v2\/product\/205","targetHints":{"allow":["GET"]}}],"collection":[{"href":"https:\/\/colihual.cl\/index.php\/wp-json\/wp\/v2\/product"}],"about":[{"href":"https:\/\/colihual.cl\/index.php\/wp-json\/wp\/v2\/types\/product"}],"wp:featuredmedia":[{"embeddable":true,"href":"https:\/\/colihual.cl\/index.php\/wp-json\/wp\/v2\/media\/366"}],"wp:attachment":[{"href":"https:\/\/colihual.cl\/index.php\/wp-json\/wp\/v2\/media?parent=205"}],"wp:term":[{"taxonomy":"product_brand","embeddable":true,"href":"https:\/\/colihual.cl\/index.php\/wp-json\/wp\/v2\/product_brand?post=205"},{"taxonomy":"product_cat","embeddable":true,"href":"https:\/\/colihual.cl\/index.php\/wp-json\/wp\/v2\/product_cat?post=205"},{"taxonomy":"product_tag","embeddable":true,"href":"https:\/\/colihual.cl\/index.php\/wp-json\/wp\/v2\/product_tag?post=205"}],"curies":[{"name":"wp","href":"https:\/\/api.w.org\/{rel}","templated":true}]}}