{"id":194,"date":"2025-09-30T18:56:44","date_gmt":"2025-09-30T18:56:44","guid":{"rendered":"https:\/\/colihual.cl\/?post_type=product&#038;p=194"},"modified":"2025-10-08T17:17:22","modified_gmt":"2025-10-08T17:17:22","slug":"protectores-termolaminados","status":"publish","type":"product","link":"https:\/\/colihual.cl\/index.php\/product\/protectores-termolaminados\/","title":{"rendered":"Protectores Termolaminados"},"content":{"rendered":"<p>Los protectores de cartulina termolaminada ofrecen una <strong>barrera pr\u00e1ctica y econ\u00f3mica para proteger plantaciones j\u00f3venes<\/strong> frente a factores clim\u00e1ticos y plagas. Su dise\u00f1o permite un <strong>f\u00e1cil montaje y buena durabilidad en el campo<\/strong>, favoreciendo el crecimiento inicial de las plantas.<\/p>\n<p>Disponibles en medidas de 35&#215;40 cm y 35&#215;50 cm, se ajustan a diferentes necesidades de cultivo.<\/p>\n","protected":false},"excerpt":{"rendered":"<p>Protector de cartulina termolaminada en medidas 35&#215;40 cm y 35&#215;50 cm. <strong>Protecci\u00f3n econ\u00f3mica y pr\u00e1ctica para tus cultivos.<\/strong><\/p>\n","protected":false},"featured_media":370,"template":"","meta":{"site-sidebar-layout":"default","site-content-layout":"","ast-site-content-layout":"default","site-content-style":"default","site-sidebar-style":"default","ast-global-header-display":"","ast-banner-title-visibility":"","ast-main-header-display":"","ast-hfb-above-header-display":"","ast-hfb-below-header-display":"","ast-hfb-mobile-header-display":"","site-post-title":"","ast-breadcrumbs-content":"","ast-featured-img":"","footer-sml-layout":"","ast-disable-related-posts":"","theme-transparent-header-meta":"default","adv-header-id-meta":"","stick-header-meta":"","header-above-stick-meta":"","header-main-stick-meta":"","header-below-stick-meta":"","astra-migrate-meta-layouts":"set","ast-page-background-enabled":"default","ast-page-background-meta":{"desktop":{"background-color":"var(--ast-global-color-5)","background-image":"","background-repeat":"repeat","background-position":"center center","background-size":"auto","background-attachment":"scroll","background-type":"","background-media":"","overlay-type":"","overlay-color":"","overlay-opacity":"","overlay-gradient":""},"tablet":{"background-color":"","background-image":"","background-repeat":"repeat","background-position":"center center","background-size":"auto","background-attachment":"scroll","background-type":"","background-media":"","overlay-type":"","overlay-color":"","overlay-opacity":"","overlay-gradient":""},"mobile":{"background-color":"","background-image":"","background-repeat":"repeat","background-position":"center center","background-size":"auto","background-attachment":"scroll","background-type":"","background-media":"","overlay-type":"","overlay-color":"","overlay-opacity":"","overlay-gradient":""}},"ast-content-background-meta":{"desktop":{"background-color":"var(--ast-global-color-4)","background-image":"","background-repeat":"repeat","background-position":"center center","background-size":"auto","background-attachment":"scroll","background-type":"","background-media":"","overlay-type":"","overlay-color":"","overlay-opacity":"","overlay-gradient":""},"tablet":{"background-color":"var(--ast-global-color-4)","background-image":"","background-repeat":"repeat","background-position":"center center","background-size":"auto","background-attachment":"scroll","background-type":"","background-media":"","overlay-type":"","overlay-color":"","overlay-opacity":"","overlay-gradient":""},"mobile":{"background-color":"var(--ast-global-color-4)","background-image":"","background-repeat":"repeat","background-position":"center center","background-size":"auto","background-attachment":"scroll","background-type":"","background-media":"","overlay-type":"","overlay-color":"","overlay-opacity":"","overlay-gradient":""}}},"product_brand":[],"product_cat":[32],"product_tag":[37,43,38,41,40,33,42],"class_list":{"0":"post-194","1":"product","2":"type-product","3":"status-publish","4":"has-post-thumbnail","6":"product_cat-protectores-de-plantas","7":"product_tag-agricultura-sustentable","8":"product_tag-colihual-insumos","9":"product_tag-insumos-agricolas","10":"product_tag-plantaciones","11":"product_tag-protector-cartulina","12":"product_tag-protectores-agricolas","13":"product_tag-protectores-para-viveros","14":"desktop-align-center","15":"tablet-align-left","16":"mobile-align-left","18":"first","19":"instock","20":"shipping-taxable","21":"product-type-simple"},"_links":{"self":[{"href":"https:\/\/colihual.cl\/index.php\/wp-json\/wp\/v2\/product\/194","targetHints":{"allow":["GET"]}}],"collection":[{"href":"https:\/\/colihual.cl\/index.php\/wp-json\/wp\/v2\/product"}],"about":[{"href":"https:\/\/colihual.cl\/index.php\/wp-json\/wp\/v2\/types\/product"}],"wp:featuredmedia":[{"embeddable":true,"href":"https:\/\/colihual.cl\/index.php\/wp-json\/wp\/v2\/media\/370"}],"wp:attachment":[{"href":"https:\/\/colihual.cl\/index.php\/wp-json\/wp\/v2\/media?parent=194"}],"wp:term":[{"taxonomy":"product_brand","embeddable":true,"href":"https:\/\/colihual.cl\/index.php\/wp-json\/wp\/v2\/product_brand?post=194"},{"taxonomy":"product_cat","embeddable":true,"href":"https:\/\/colihual.cl\/index.php\/wp-json\/wp\/v2\/product_cat?post=194"},{"taxonomy":"product_tag","embeddable":true,"href":"https:\/\/colihual.cl\/index.php\/wp-json\/wp\/v2\/product_tag?post=194"}],"curies":[{"name":"wp","href":"https:\/\/api.w.org\/{rel}","templated":true}]}}