{"id":8,"date":"2025-09-26T15:44:28","date_gmt":"2025-09-26T15:44:28","guid":{"rendered":"https:\/\/colihual.cl\/?page_id=8"},"modified":"2025-10-14T13:15:38","modified_gmt":"2025-10-14T13:15:38","slug":"home","status":"publish","type":"page","link":"https:\/\/colihual.cl\/","title":{"rendered":"Inicio"},"content":{"rendered":"\n<div class=\"wp-block-cover alignfull\" style=\"line-height:1;min-height:777px;aspect-ratio:unset;\"><img loading=\"lazy\" decoding=\"async\" width=\"1599\" height=\"1080\" class=\"wp-block-cover__image-background wp-image-247 size-full\" alt=\"\" src=\"https:\/\/colihual.cl\/wp-content\/uploads\/2025\/10\/Plantacion_Colihual_Chile.jpg\" style=\"object-position:81% 42%\" data-object-fit=\"cover\" data-object-position=\"81% 42%\" srcset=\"https:\/\/colihual.cl\/wp-content\/uploads\/2025\/10\/Plantacion_Colihual_Chile.jpg 1599w, https:\/\/colihual.cl\/wp-content\/uploads\/2025\/10\/Plantacion_Colihual_Chile-300x203.jpg 300w, https:\/\/colihual.cl\/wp-content\/uploads\/2025\/10\/Plantacion_Colihual_Chile-600x405.jpg 600w, https:\/\/colihual.cl\/wp-content\/uploads\/2025\/10\/Plantacion_Colihual_Chile-1024x692.jpg 1024w, https:\/\/colihual.cl\/wp-content\/uploads\/2025\/10\/Plantacion_Colihual_Chile-768x519.jpg 768w, https:\/\/colihual.cl\/wp-content\/uploads\/2025\/10\/Plantacion_Colihual_Chile-1536x1037.jpg 1536w\" sizes=\"auto, (max-width: 1599px) 100vw, 1599px\" \/><span aria-hidden=\"true\" class=\"wp-block-cover__background has-ast-global-color-8-background-color has-background-dim\"><\/span><div class=\"wp-block-cover__inner-container is-layout-flow wp-block-cover-is-layout-flow\">\n<div class=\"wp-block-media-text alignwide has-media-on-the-right is-stacked-on-mobile is-vertically-aligned-center\" style=\"grid-template-columns:auto 15%\"><div class=\"wp-block-media-text__content\">\n<h1 class=\"wp-block-heading has-text-align-left has-white-color has-text-color\" style=\"line-height:0.9\"><strong>CALIDAD Y CONFIANZA<\/strong><\/h1>\n\n\n\n<p class=\"has-text-align-left has-white-color has-text-color has-large-font-size\" style=\"line-height:1\">En materiales e insumos agr\u00edcolas<\/p>\n<\/div><figure class=\"wp-block-media-text__media\"><\/figure><\/div>\n\n\n\n<div class=\"wp-block-buttons is-content-justification-left is-layout-flex wp-container-core-buttons-is-layout-8ba0fbbc wp-block-buttons-is-layout-flex\" style=\"padding-right:0;padding-left:0\">\n<div class=\"wp-block-button\"><a class=\"wp-block-button__link has-ast-global-color-4-background-color has-text-color has-background has-link-color has-medium-font-size has-custom-font-size wp-element-button\" href=\"https:\/\/colihual.cl\/index.php\/productos-2\/\" style=\"color:#0f6836;padding-top:var(--wp--preset--spacing--50);padding-right:var(--wp--preset--spacing--70);padding-bottom:var(--wp--preset--spacing--50);padding-left:var(--wp--preset--spacing--70)\"><strong>EXPLORAR PRODUCTOS<\/strong><\/a><\/div>\n<\/div>\n<\/div><\/div>\n\n\n\n<div class=\"wp-block-group is-vertical is-content-justification-center is-nowrap is-layout-flex wp-container-core-group-is-layout-857ef822 wp-block-group-is-layout-flex\">\n<div class=\"wp-block-group is-layout-grid wp-container-core-group-is-layout-478b6e6b wp-block-group-is-layout-grid\">\n<div class=\"wp-block-group is-vertical is-layout-flex wp-container-core-group-is-layout-fe9cc265 wp-block-group-is-layout-flex\"><\/div>\n<\/div>\n\n\n\n<div class=\"wp-block-columns is-layout-flex wp-container-core-columns-is-layout-28f84493 wp-block-columns-is-layout-flex\">\n<div class=\"wp-block-column is-layout-flow wp-block-column-is-layout-flow\" style=\"flex-basis:66.66%\">\n<figure class=\"wp-block-gallery has-nested-images columns-default is-cropped wp-block-gallery-1 is-layout-flex wp-block-gallery-is-layout-flex\">\n<figure class=\"wp-block-image size-full is-style-rounded\"><img loading=\"lazy\" decoding=\"async\" width=\"400\" height=\"500\" data-id=\"278\" src=\"https:\/\/colihual.cl\/wp-content\/uploads\/2025\/10\/Colihual_Campo_Nogal_03-1.png\" alt=\"\" class=\"wp-image-278\" srcset=\"https:\/\/colihual.cl\/wp-content\/uploads\/2025\/10\/Colihual_Campo_Nogal_03-1.png 400w, https:\/\/colihual.cl\/wp-content\/uploads\/2025\/10\/Colihual_Campo_Nogal_03-1-300x375.png 300w, https:\/\/colihual.cl\/wp-content\/uploads\/2025\/10\/Colihual_Campo_Nogal_03-1-240x300.png 240w\" sizes=\"auto, (max-width: 400px) 100vw, 400px\" \/><\/figure>\n\n\n\n<figure class=\"wp-block-image size-full is-style-rounded\"><img loading=\"lazy\" decoding=\"async\" width=\"400\" height=\"500\" data-id=\"279\" src=\"https:\/\/colihual.cl\/wp-content\/uploads\/2025\/10\/Colihual_Campo_Nogal-1.png\" alt=\"\" class=\"wp-image-279\" srcset=\"https:\/\/colihual.cl\/wp-content\/uploads\/2025\/10\/Colihual_Campo_Nogal-1.png 400w, https:\/\/colihual.cl\/wp-content\/uploads\/2025\/10\/Colihual_Campo_Nogal-1-300x375.png 300w, https:\/\/colihual.cl\/wp-content\/uploads\/2025\/10\/Colihual_Campo_Nogal-1-240x300.png 240w\" sizes=\"auto, (max-width: 400px) 100vw, 400px\" \/><\/figure>\n\n\n\n<figure class=\"wp-block-image size-full is-style-rounded\"><img loading=\"lazy\" decoding=\"async\" width=\"400\" height=\"500\" data-id=\"280\" src=\"https:\/\/colihual.cl\/wp-content\/uploads\/2025\/10\/Colihual_Campo_Nogal_02-1.png\" alt=\"\" class=\"wp-image-280\" srcset=\"https:\/\/colihual.cl\/wp-content\/uploads\/2025\/10\/Colihual_Campo_Nogal_02-1.png 400w, https:\/\/colihual.cl\/wp-content\/uploads\/2025\/10\/Colihual_Campo_Nogal_02-1-300x375.png 300w, https:\/\/colihual.cl\/wp-content\/uploads\/2025\/10\/Colihual_Campo_Nogal_02-1-240x300.png 240w\" sizes=\"auto, (max-width: 400px) 100vw, 400px\" \/><\/figure>\n<\/figure>\n<\/div>\n\n\n\n<div class=\"wp-block-column is-layout-flow wp-block-column-is-layout-flow\" style=\"flex-basis:33.33%\">\n<h4 class=\"wp-block-heading has-text-color has-link-color wp-elements-4d9ac50e008a9cdd3039da411894f342\" style=\"color:#0f6836;margin-right:var(--wp--preset--spacing--40);margin-left:var(--wp--preset--spacing--40)\">QU\u00c9 ES COLIHUAL?<\/h4>\n\n\n\n<p style=\"margin-top:var(--wp--preset--spacing--30);margin-right:var(--wp--preset--spacing--40);margin-bottom:var(--wp--preset--spacing--30);margin-left:var(--wp--preset--spacing--40)\">Somos una empresa agr\u00edcola que entrega soluciones integrales para el establecimiento y desarrollo de plantaciones. Ofrecemos materiales de calidad, asesor\u00eda t\u00e9cnica especializada e insumos agr\u00edcolas que garantizan la productividad, sostenibilidad y confianza en cada cultivo.<\/p>\n<\/div>\n<\/div>\n<\/div>\n\n\n\n<hr class=\"wp-block-separator has-text-color has-alpha-channel-opacity has-background is-style-default\" style=\"margin-top:var(--wp--preset--spacing--50);margin-bottom:var(--wp--preset--spacing--50);background-color:#0f6836;color:#0f6836\"\/>\n\n\n\n<div class=\"wp-block-group alignfull has-ast-global-color-4-background-color has-text-color has-background has-link-color wp-elements-587d5727766a2347dacaf918a8901ab2 is-content-justification-center is-layout-constrained wp-container-core-group-is-layout-d8c238f6 wp-block-group-is-layout-constrained\" id=\"reviews\" style=\"color:#0f6836;margin-top:var(--wp--preset--spacing--50);margin-bottom:var(--wp--preset--spacing--50);padding-top:var(--wp--preset--spacing--40);padding-right:var(--wp--preset--spacing--20);padding-bottom:var(--wp--preset--spacing--40);padding-left:var(--wp--preset--spacing--20)\">\n<figure class=\"wp-block-image aligncenter size-full is-resized\" style=\"margin-top:var(--wp--preset--spacing--60);margin-bottom:var(--wp--preset--spacing--60)\"><img loading=\"lazy\" decoding=\"async\" width=\"500\" height=\"500\" src=\"https:\/\/colihual.cl\/wp-content\/uploads\/2025\/09\/Ignacio_Lopez.png\" alt=\"\" class=\"wp-image-66\" style=\"width:86px;height:auto\" srcset=\"https:\/\/colihual.cl\/wp-content\/uploads\/2025\/09\/Ignacio_Lopez.png 500w, https:\/\/colihual.cl\/wp-content\/uploads\/2025\/09\/Ignacio_Lopez-300x300.png 300w, https:\/\/colihual.cl\/wp-content\/uploads\/2025\/09\/Ignacio_Lopez-100x100.png 100w, https:\/\/colihual.cl\/wp-content\/uploads\/2025\/09\/Ignacio_Lopez-150x150.png 150w\" sizes=\"auto, (max-width: 500px) 100vw, 500px\" \/><\/figure>\n\n\n\n<p class=\"has-text-align-center\" style=\"padding-top:0;padding-bottom:0;font-size:22px;line-height:1.6\">\u201cColihual es tu <strong>aliado estrat\u00e9gico <\/strong>, entregando <strong>materiales confiables<\/strong> y <strong>asesor\u00eda t\u00e9cnica<\/strong> para que cada plantaci\u00f3n crezca con \u00e9xito.\u201d<\/p>\n\n\n\n<p class=\"has-text-align-center\">Ignacio L\u00f3pez Cruzat<\/p>\n<\/div>\n\n\n\n<hr class=\"wp-block-separator has-text-color has-alpha-channel-opacity has-background is-style-default\" style=\"margin-top:var(--wp--preset--spacing--50);margin-bottom:var(--wp--preset--spacing--50);background-color:#0f6836;color:#0f6836\"\/>\n\n\n\n<h3 class=\"wp-block-heading has-text-align-center has-ast-global-color-5-color has-text-color has-background has-link-color wp-elements-c0ff1870739aa60119c17d23edbecece\" style=\"border-style:none;border-width:0px;background:linear-gradient(135deg,rgb(15,104,54) 0%,rgb(146,191,34) 100%);margin-top:0;margin-right:0;margin-bottom:0;margin-left:0;padding-top:var(--wp--preset--spacing--50);padding-right:0;padding-bottom:var(--wp--preset--spacing--50);padding-left:0;font-size:25px\">TODO  LO  QUE  NECESITAS<\/h3>\n\n\n\n<div class=\"wp-block-group alignfull has-ast-global-color-5-background-color has-background is-vertical is-content-justification-center is-layout-flex wp-container-core-group-is-layout-1b6d45c8 wp-block-group-is-layout-flex\" style=\"padding-top:var(--wp--preset--spacing--60);padding-bottom:0px\">\n<div class=\"wp-block-columns are-vertically-aligned-center is-layout-flex wp-container-core-columns-is-layout-b854b9c7 wp-block-columns-is-layout-flex\" style=\"padding-top:var(--wp--preset--spacing--70);padding-bottom:var(--wp--preset--spacing--70)\">\n<div class=\"wp-block-column is-vertically-aligned-center is-layout-flow wp-container-core-column-is-layout-6b73ce23 wp-block-column-is-layout-flow\">\n<figure class=\"wp-block-image aligncenter size-thumbnail is-resized\"><img loading=\"lazy\" decoding=\"async\" width=\"150\" height=\"150\" src=\"https:\/\/colihual.cl\/wp-content\/uploads\/2025\/09\/Estructuras_Soportes-1-150x150.png\" alt=\"\" class=\"wp-image-65\" style=\"width:100px\" srcset=\"https:\/\/colihual.cl\/wp-content\/uploads\/2025\/09\/Estructuras_Soportes-1-150x150.png 150w, https:\/\/colihual.cl\/wp-content\/uploads\/2025\/09\/Estructuras_Soportes-1-300x300.png 300w, https:\/\/colihual.cl\/wp-content\/uploads\/2025\/09\/Estructuras_Soportes-1-100x100.png 100w, https:\/\/colihual.cl\/wp-content\/uploads\/2025\/09\/Estructuras_Soportes-1.png 500w\" sizes=\"auto, (max-width: 150px) 100vw, 150px\" \/><\/figure>\n\n\n\n<div class=\"wp-block-buttons is-content-justification-center is-layout-flex wp-container-core-buttons-is-layout-a89b3969 wp-block-buttons-is-layout-flex\">\n<div class=\"wp-block-button\"><a class=\"wp-block-button__link has-custom-font-size wp-element-button\" href=\"https:\/\/colihual.cl\/index.php\/product-category\/estructuras-y-soportes\/\" style=\"font-size:15px\">ESTRUCTURAS Y SOPORTES<\/a><\/div>\n<\/div>\n\n\n\n<h5 class=\"wp-block-heading has-text-align-center has-text-color has-link-color wp-elements-62132f30840cb3d48d85a657d4b54d3f\" style=\"color:#0f6836;margin-top:16px\"><\/h5>\n\n\n\n<p class=\"has-text-align-center\">Para asegurar la estabilidad de tu cultivo.<\/p>\n<\/div>\n\n\n\n<div class=\"wp-block-column is-vertically-aligned-center is-layout-flow wp-container-core-column-is-layout-6b73ce23 wp-block-column-is-layout-flow\">\n<figure class=\"wp-block-image aligncenter size-full is-resized\"><img loading=\"lazy\" decoding=\"async\" width=\"500\" height=\"500\" src=\"https:\/\/colihual.cl\/wp-content\/uploads\/2025\/09\/Conduccion_Amarre.png\" alt=\"\" class=\"wp-image-64\" style=\"width:100px\" srcset=\"https:\/\/colihual.cl\/wp-content\/uploads\/2025\/09\/Conduccion_Amarre.png 500w, https:\/\/colihual.cl\/wp-content\/uploads\/2025\/09\/Conduccion_Amarre-300x300.png 300w, https:\/\/colihual.cl\/wp-content\/uploads\/2025\/09\/Conduccion_Amarre-100x100.png 100w, https:\/\/colihual.cl\/wp-content\/uploads\/2025\/09\/Conduccion_Amarre-150x150.png 150w\" sizes=\"auto, (max-width: 500px) 100vw, 500px\" \/><\/figure>\n\n\n\n<div class=\"wp-block-buttons is-content-justification-center is-layout-flex wp-container-core-buttons-is-layout-a89b3969 wp-block-buttons-is-layout-flex\">\n<div class=\"wp-block-button\"><a class=\"wp-block-button__link has-custom-font-size wp-element-button\" href=\"https:\/\/colihual.cl\/index.php\/product-category\/sistemas-de-conduccion-y-amarre\/\" style=\"font-size:15px\">SISTEMAS DE CONDUCCI\u00d3N Y AMARRE<\/a><\/div>\n<\/div>\n\n\n\n<h5 class=\"wp-block-heading has-text-align-center has-text-color has-link-color wp-elements-62132f30840cb3d48d85a657d4b54d3f\" style=\"color:#0f6836;margin-top:16px\"><\/h5>\n\n\n\n<p class=\"has-text-align-center\">Para facilitar el manejo seguro.<\/p>\n<\/div>\n\n\n\n<div class=\"wp-block-column is-vertically-aligned-center is-layout-flow wp-container-core-column-is-layout-6b73ce23 wp-block-column-is-layout-flow\">\n<figure class=\"wp-block-image aligncenter size-full is-resized\"><img loading=\"lazy\" decoding=\"async\" width=\"500\" height=\"500\" src=\"https:\/\/colihual.cl\/wp-content\/uploads\/2025\/09\/Proteccion_Plantas.png\" alt=\"\" class=\"wp-image-63\" style=\"width:100px\" srcset=\"https:\/\/colihual.cl\/wp-content\/uploads\/2025\/09\/Proteccion_Plantas.png 500w, https:\/\/colihual.cl\/wp-content\/uploads\/2025\/09\/Proteccion_Plantas-300x300.png 300w, https:\/\/colihual.cl\/wp-content\/uploads\/2025\/09\/Proteccion_Plantas-100x100.png 100w, https:\/\/colihual.cl\/wp-content\/uploads\/2025\/09\/Proteccion_Plantas-150x150.png 150w\" sizes=\"auto, (max-width: 500px) 100vw, 500px\" \/><\/figure>\n\n\n\n<div class=\"wp-block-buttons is-content-justification-center is-layout-flex wp-container-core-buttons-is-layout-a89b3969 wp-block-buttons-is-layout-flex\">\n<div class=\"wp-block-button\"><a class=\"wp-block-button__link has-custom-font-size wp-element-button\" href=\"https:\/\/colihual.cl\/index.php\/product-category\/protectores-de-plantas\/\" style=\"font-size:15px\">PROTECCI\u00d3N DE PLANTAS<\/a><\/div>\n<\/div>\n\n\n\n<h5 class=\"wp-block-heading has-text-align-center has-text-color has-link-color wp-elements-62132f30840cb3d48d85a657d4b54d3f\" style=\"color:#0f6836;margin-top:16px\"><\/h5>\n\n\n\n<p class=\"has-text-align-center\">Para cuidar frente al clima    y las plagas.<\/p>\n<\/div>\n\n\n\n<div class=\"wp-block-column is-vertically-aligned-center is-layout-flow wp-block-column-is-layout-flow\">\n<figure class=\"wp-block-image aligncenter size-full is-resized\"><img loading=\"lazy\" decoding=\"async\" width=\"500\" height=\"500\" src=\"https:\/\/colihual.cl\/wp-content\/uploads\/2025\/09\/Suelo_Cobertura.png\" alt=\"\" class=\"wp-image-62\" style=\"width:100px\" srcset=\"https:\/\/colihual.cl\/wp-content\/uploads\/2025\/09\/Suelo_Cobertura.png 500w, https:\/\/colihual.cl\/wp-content\/uploads\/2025\/09\/Suelo_Cobertura-300x300.png 300w, https:\/\/colihual.cl\/wp-content\/uploads\/2025\/09\/Suelo_Cobertura-100x100.png 100w, https:\/\/colihual.cl\/wp-content\/uploads\/2025\/09\/Suelo_Cobertura-150x150.png 150w\" sizes=\"auto, (max-width: 500px) 100vw, 500px\" \/><\/figure>\n\n\n\n<div class=\"wp-block-buttons is-content-justification-center is-layout-flex wp-container-core-buttons-is-layout-a89b3969 wp-block-buttons-is-layout-flex\">\n<div class=\"wp-block-button\"><a class=\"wp-block-button__link has-custom-font-size wp-element-button\" href=\"https:\/\/colihual.cl\/index.php\/product-category\/manejo-suelo-y-cobertura\/\" style=\"font-size:15px\">MANEJO DE SUELO Y COBERTURA<\/a><\/div>\n<\/div>\n\n\n\n<h5 class=\"wp-block-heading has-text-align-center has-text-color has-link-color wp-elements-62132f30840cb3d48d85a657d4b54d3f\" style=\"color:#0f6836;margin-top:16px\"><\/h5>\n\n\n\n<p class=\"has-text-align-center\" style=\"margin-top:var(--wp--preset--spacing--20);margin-bottom:var(--wp--preset--spacing--20);padding-top:0px;padding-right:0;padding-bottom:0px;padding-left:0\">Para proteger y favorecer tu cultivo.<\/p>\n<\/div>\n\n\n\n<div class=\"wp-block-column is-vertically-aligned-center is-layout-flow wp-container-core-column-is-layout-6b73ce23 wp-block-column-is-layout-flow\">\n<figure class=\"wp-block-image aligncenter size-full is-resized\"><img loading=\"lazy\" decoding=\"async\" width=\"500\" height=\"500\" src=\"https:\/\/colihual.cl\/wp-content\/uploads\/2025\/09\/Almacenaje_FrutosSecos.png\" alt=\"\" class=\"wp-image-61\" style=\"width:100px\" srcset=\"https:\/\/colihual.cl\/wp-content\/uploads\/2025\/09\/Almacenaje_FrutosSecos.png 500w, https:\/\/colihual.cl\/wp-content\/uploads\/2025\/09\/Almacenaje_FrutosSecos-300x300.png 300w, https:\/\/colihual.cl\/wp-content\/uploads\/2025\/09\/Almacenaje_FrutosSecos-100x100.png 100w, https:\/\/colihual.cl\/wp-content\/uploads\/2025\/09\/Almacenaje_FrutosSecos-150x150.png 150w\" sizes=\"auto, (max-width: 500px) 100vw, 500px\" \/><\/figure>\n\n\n\n<div class=\"wp-block-buttons is-content-justification-center is-layout-flex wp-container-core-buttons-is-layout-a89b3969 wp-block-buttons-is-layout-flex\">\n<div class=\"wp-block-button\"><a class=\"wp-block-button__link has-custom-font-size wp-element-button\" href=\"https:\/\/colihual.cl\/index.php\/product-category\/almacenaje\/\" style=\"font-size:15px\">ALMACENAJE DE FRUTOS SECOS<\/a><\/div>\n<\/div>\n\n\n\n<h5 class=\"wp-block-heading has-text-align-center has-text-color has-link-color wp-elements-62132f30840cb3d48d85a657d4b54d3f\" style=\"color:#0f6836;margin-top:16px\"><\/h5>\n\n\n\n<p class=\"has-text-align-center\">Para conservar y transportar tu producci\u00f3n.<\/p>\n<\/div>\n<\/div>\n<\/div>\n\n\n\n<p><\/p>\n","protected":false},"excerpt":{"rendered":"<p>QU\u00c9 ES COLIHUAL? Somos una empresa agr\u00edcola que entrega soluciones integrales para el establecimiento y desarrollo de plantaciones. Ofrecemos materiales [&hellip;]<\/p>\n","protected":false},"author":1,"featured_media":0,"parent":0,"menu_order":0,"comment_status":"closed","ping_status":"closed","template":"","meta":{"site-sidebar-layout":"no-sidebar","site-content-layout":"plain-container","ast-site-content-layout":"default","site-content-style":"default","site-sidebar-style":"default","ast-global-header-display":"","ast-banner-title-visibility":"","ast-main-header-display":"","ast-hfb-above-header-display":"","ast-hfb-below-header-display":"","ast-hfb-mobile-header-display":"","site-post-title":"disabled","ast-breadcrumbs-content":"","ast-featured-img":"","footer-sml-layout":"","ast-disable-related-posts":"","theme-transparent-header-meta":"enabled","adv-header-id-meta":"","stick-header-meta":"","header-above-stick-meta":"","header-main-stick-meta":"","header-below-stick-meta":"","astra-migrate-meta-layouts":"default","ast-page-background-enabled":"default","ast-page-background-meta":{"desktop":{"background-color":"var(--ast-global-color-5)","background-image":"","background-repeat":"repeat","background-position":"center center","background-size":"auto","background-attachment":"scroll","background-type":"","background-media":"","overlay-type":"","overlay-color":"","overlay-opacity":"","overlay-gradient":""},"tablet":{"background-color":"","background-image":"","background-repeat":"repeat","background-position":"center center","background-size":"auto","background-attachment":"scroll","background-type":"","background-media":"","overlay-type":"","overlay-color":"","overlay-opacity":"","overlay-gradient":""},"mobile":{"background-color":"","background-image":"","background-repeat":"repeat","background-position":"center center","background-size":"auto","background-attachment":"scroll","background-type":"","background-media":"","overlay-type":"","overlay-color":"","overlay-opacity":"","overlay-gradient":""}},"ast-content-background-meta":{"desktop":{"background-color":"var(--ast-global-color-4)","background-image":"","background-repeat":"repeat","background-position":"center center","background-size":"auto","background-attachment":"scroll","background-type":"","background-media":"","overlay-type":"","overlay-color":"","overlay-opacity":"","overlay-gradient":""},"tablet":{"background-color":"var(--ast-global-color-4)","background-image":"","background-repeat":"repeat","background-position":"center center","background-size":"auto","background-attachment":"scroll","background-type":"","background-media":"","overlay-type":"","overlay-color":"","overlay-opacity":"","overlay-gradient":""},"mobile":{"background-color":"var(--ast-global-color-4)","background-image":"","background-repeat":"repeat","background-position":"center center","background-size":"auto","background-attachment":"scroll","background-type":"","background-media":"","overlay-type":"","overlay-color":"","overlay-opacity":"","overlay-gradient":""}},"footnotes":""},"class_list":["post-8","page","type-page","status-publish","hentry"],"_links":{"self":[{"href":"https:\/\/colihual.cl\/index.php\/wp-json\/wp\/v2\/pages\/8","targetHints":{"allow":["GET"]}}],"collection":[{"href":"https:\/\/colihual.cl\/index.php\/wp-json\/wp\/v2\/pages"}],"about":[{"href":"https:\/\/colihual.cl\/index.php\/wp-json\/wp\/v2\/types\/page"}],"author":[{"embeddable":true,"href":"https:\/\/colihual.cl\/index.php\/wp-json\/wp\/v2\/users\/1"}],"replies":[{"embeddable":true,"href":"https:\/\/colihual.cl\/index.php\/wp-json\/wp\/v2\/comments?post=8"}],"version-history":[{"count":45,"href":"https:\/\/colihual.cl\/index.php\/wp-json\/wp\/v2\/pages\/8\/revisions"}],"predecessor-version":[{"id":442,"href":"https:\/\/colihual.cl\/index.php\/wp-json\/wp\/v2\/pages\/8\/revisions\/442"}],"wp:attachment":[{"href":"https:\/\/colihual.cl\/index.php\/wp-json\/wp\/v2\/media?parent=8"}],"curies":[{"name":"wp","href":"https:\/\/api.w.org\/{rel}","templated":true}]}}