{"id":14,"date":"2025-09-26T15:44:28","date_gmt":"2025-09-26T15:44:28","guid":{"rendered":"https:\/\/colihual.cl\/?page_id=14"},"modified":"2025-10-08T19:20:35","modified_gmt":"2025-10-08T19:20:35","slug":"quienes-somos","status":"publish","type":"page","link":"https:\/\/colihual.cl\/index.php\/quienes-somos\/","title":{"rendered":"Qui\u00e9nes somos"},"content":{"rendered":"\n<div class=\"wp-block-cover alignfull\" style=\"padding-right:0;padding-left:0;min-height:320px;aspect-ratio:unset;\"><img loading=\"lazy\" decoding=\"async\" width=\"1024\" height=\"576\" class=\"wp-block-cover__image-background wp-image-73 size-large\" alt=\"\" src=\"https:\/\/colihual.cl\/wp-content\/uploads\/2025\/09\/Historia_Colihual-1024x576.png\" style=\"object-position:50% 50%\" data-object-fit=\"cover\" data-object-position=\"50% 50%\" srcset=\"https:\/\/colihual.cl\/wp-content\/uploads\/2025\/09\/Historia_Colihual-1024x576.png 1024w, https:\/\/colihual.cl\/wp-content\/uploads\/2025\/09\/Historia_Colihual-300x169.png 300w, https:\/\/colihual.cl\/wp-content\/uploads\/2025\/09\/Historia_Colihual-600x338.png 600w, https:\/\/colihual.cl\/wp-content\/uploads\/2025\/09\/Historia_Colihual-768x432.png 768w, https:\/\/colihual.cl\/wp-content\/uploads\/2025\/09\/Historia_Colihual-1536x864.png 1536w, https:\/\/colihual.cl\/wp-content\/uploads\/2025\/09\/Historia_Colihual.png 1920w\" sizes=\"auto, (max-width: 1024px) 100vw, 1024px\" \/><span aria-hidden=\"true\" class=\"wp-block-cover__background has-background-dim\" style=\"background-color:#48702e\"><\/span><div class=\"wp-block-cover__inner-container is-layout-constrained wp-container-core-cover-is-layout-b95f1b94 wp-block-cover-is-layout-constrained\">\n<p class=\"has-text-align-center has-ast-global-color-5-color has-text-color has-link-color has-large-font-size wp-elements-82fc854082e187eb89a28d7cf94ea232\" style=\"margin-top:0;margin-bottom:0\"><strong>QUI\u00c9NES SOMOS<\/strong><\/p>\n<\/div><\/div>\n\n\n\n<div class=\"wp-block-columns is-layout-flex wp-container-core-columns-is-layout-28f84493 wp-block-columns-is-layout-flex\">\n<div class=\"wp-block-column is-layout-flow wp-block-column-is-layout-flow\">\n<figure class=\"wp-block-image aligncenter size-full\"><img loading=\"lazy\" decoding=\"async\" width=\"500\" height=\"500\" src=\"https:\/\/colihual.cl\/wp-content\/uploads\/2025\/10\/sector-agricola-colihual.png\" alt=\"\" class=\"wp-image-392\" srcset=\"https:\/\/colihual.cl\/wp-content\/uploads\/2025\/10\/sector-agricola-colihual.png 500w, https:\/\/colihual.cl\/wp-content\/uploads\/2025\/10\/sector-agricola-colihual-300x300.png 300w, https:\/\/colihual.cl\/wp-content\/uploads\/2025\/10\/sector-agricola-colihual-100x100.png 100w, https:\/\/colihual.cl\/wp-content\/uploads\/2025\/10\/sector-agricola-colihual-150x150.png 150w\" sizes=\"auto, (max-width: 500px) 100vw, 500px\" \/><\/figure>\n<\/div>\n\n\n\n<div class=\"wp-block-column is-layout-flow wp-block-column-is-layout-flow\">\n<h3 class=\"wp-block-heading\" style=\"padding-right:0;padding-left:0\">NUESTRA HISTORIA<\/h3>\n\n\n\n<p class=\"has-text-align-left\" style=\"padding-right:0;padding-left:0\">Colihual fue fundada en 2023 con el prop\u00f3sito de entregar una <strong>soluci\u00f3n integral para el establecimiento de plantaciones en Chile<\/strong>, desde el suministro de <strong>materiales agr\u00edcolas de calidad<\/strong> hasta la <strong>asesor\u00eda t\u00e9cnica especializada en cultivos<\/strong>.<\/p>\n\n\n\n<p class=\"has-text-align-left\" style=\"padding-right:0;padding-left:0\">Buscamos consolidarnos como un <strong>aliado estrat\u00e9gico para los agricultores chilenos<\/strong>. Adem\u00e1s, tenemos especial \u00e9nfasis en la provisi\u00f3n de <strong>insumos agr\u00edcolas y de sanidad vegetal<\/strong>, fundamentales para garantizar la <strong>productividad y sostenibilidad de los cultivos<\/strong> en cada etapa del desarrollo agr\u00edcola.<\/p>\n<\/div>\n<\/div>\n\n\n\n<hr class=\"wp-block-separator has-text-color has-alpha-channel-opacity has-background is-style-default\" style=\"margin-top:var(--wp--preset--spacing--50);margin-bottom:var(--wp--preset--spacing--50);background-color:#0f6836;color:#0f6836\"\/>\n\n\n\n<div style=\"background-image:url(&apos;https:\/\/colihual.cl\/wp-content\/uploads\/2025\/09\/Servicio_Agricultura-1.jpg&apos;);background-position:50% 50%;background-size:cover;\" class=\"wp-block-group alignfull has-ast-global-color-5-background-color has-background is-vertical is-content-justification-center is-layout-flex wp-container-core-group-is-layout-ce155fab wp-block-group-is-layout-flex\">\n<h2 class=\"wp-block-heading has-ast-global-color-5-color has-text-color has-link-color wp-elements-958a5c6d625e510c5a981058796f4241\">EN COLIHUAL DESTACAMOS POR<\/h2>\n\n\n\n<ul class=\"wp-block-list has-ast-global-color-5-color has-text-color has-link-color wp-elements-90438e0105f6e19caf1a37a1739c9150\">\n<li class=\"has-ast-global-color-5-color has-text-color has-link-color wp-elements-5e6c8480574051b6578cb9194f598a62\">ESTRUCTURA EFICIENTE<\/li>\n\n\n\n<li>PRECIOS COMPETITIVOS<\/li>\n\n\n\n<li>SERVICIO BASADO EN LA CONFIANZA<\/li>\n<\/ul>\n<\/div>\n\n\n\n<hr class=\"wp-block-separator has-text-color has-alpha-channel-opacity has-background is-style-default\" style=\"margin-top:var(--wp--preset--spacing--50);margin-bottom:var(--wp--preset--spacing--50);background-color:#0f6836;color:#0f6836\"\/>\n\n\n\n<div class=\"wp-block-media-text has-media-on-the-right is-stacked-on-mobile\" style=\"padding-top:var(--wp--preset--spacing--50);padding-bottom:var(--wp--preset--spacing--50);grid-template-columns:auto 38%\"><div class=\"wp-block-media-text__content\">\n<h3 class=\"wp-block-heading\" style=\"padding-right:0;padding-left:0\"><strong>MISI\u00d3N<\/strong><\/h3>\n\n\n\n<p style=\"padding-right:0;padding-left:0\">Entregamos <strong>soluciones integrales para la agricultura chilena<\/strong>, apoyando el <strong>establecimiento y desarrollo de plantaciones<\/strong> con <strong>materiales agr\u00edcolas de calidad<\/strong>, conocimiento t\u00e9cnico y un acompa\u00f1amiento cercano. <\/p>\n\n\n\n<p style=\"padding-right:0;padding-left:0\">Adem\u00e1s, aportamos valor al agricultor mediante <strong>insumos nutricionales y de sanidad vegetal<\/strong>, que garantizan la <strong>productividad, sostenibilidad y confianza en los cultivos<\/strong>.<\/p>\n<\/div><figure class=\"wp-block-media-text__media\"><img loading=\"lazy\" decoding=\"async\" width=\"500\" height=\"500\" src=\"https:\/\/colihual.cl\/wp-content\/uploads\/2025\/09\/Agricultura_Colihual.png\" alt=\"\" class=\"wp-image-74 size-full\" srcset=\"https:\/\/colihual.cl\/wp-content\/uploads\/2025\/09\/Agricultura_Colihual.png 500w, https:\/\/colihual.cl\/wp-content\/uploads\/2025\/09\/Agricultura_Colihual-300x300.png 300w, https:\/\/colihual.cl\/wp-content\/uploads\/2025\/09\/Agricultura_Colihual-100x100.png 100w, https:\/\/colihual.cl\/wp-content\/uploads\/2025\/09\/Agricultura_Colihual-150x150.png 150w\" sizes=\"auto, (max-width: 500px) 100vw, 500px\" \/><\/figure><\/div>\n\n\n\n<hr class=\"wp-block-separator has-text-color has-alpha-channel-opacity has-background\" style=\"background-color:#0f6836;color:#0f6836\"\/>\n\n\n\n<div class=\"wp-block-media-text is-stacked-on-mobile\" style=\"padding-top:var(--wp--preset--spacing--50);padding-bottom:var(--wp--preset--spacing--50);grid-template-columns:38% auto\"><figure class=\"wp-block-media-text__media\"><img loading=\"lazy\" decoding=\"async\" width=\"500\" height=\"500\" src=\"https:\/\/colihual.cl\/wp-content\/uploads\/2025\/10\/Plantacion_Chile.png\" alt=\"\" class=\"wp-image-289 size-full\" srcset=\"https:\/\/colihual.cl\/wp-content\/uploads\/2025\/10\/Plantacion_Chile.png 500w, https:\/\/colihual.cl\/wp-content\/uploads\/2025\/10\/Plantacion_Chile-300x300.png 300w, https:\/\/colihual.cl\/wp-content\/uploads\/2025\/10\/Plantacion_Chile-100x100.png 100w, https:\/\/colihual.cl\/wp-content\/uploads\/2025\/10\/Plantacion_Chile-150x150.png 150w\" sizes=\"auto, (max-width: 500px) 100vw, 500px\" \/><\/figure><div class=\"wp-block-media-text__content\">\n<h3 class=\"wp-block-heading\" style=\"padding-right:0;padding-left:0\">VISI\u00d3N<\/h3>\n\n\n\n<p style=\"padding-right:0;padding-left:0;font-size:18px\">Queremos ser reconocidos como el <strong>aliado estrat\u00e9gico l\u00edder en la agricultura chilena<\/strong>, destacando por la innovaci\u00f3n en <strong>productos e insumos agr\u00edcolas<\/strong>, la excelencia en la atenci\u00f3n al cliente, precios competitivos y un acompa\u00f1amiento integral que apoye al agricultor en todo el ciclo de sus cultivos.<\/p>\n<\/div><\/div>\n","protected":false},"excerpt":{"rendered":"<p>NUESTRA HISTORIA Colihual fue fundada en 2023 con el prop\u00f3sito de entregar una soluci\u00f3n integral para el establecimiento de plantaciones [&hellip;]<\/p>\n","protected":false},"author":1,"featured_media":0,"parent":0,"menu_order":0,"comment_status":"closed","ping_status":"closed","template":"","meta":{"site-sidebar-layout":"no-sidebar","site-content-layout":"plain-container","ast-site-content-layout":"default","site-content-style":"default","site-sidebar-style":"default","ast-global-header-display":"","ast-banner-title-visibility":"","ast-main-header-display":"","ast-hfb-above-header-display":"","ast-hfb-below-header-display":"","ast-hfb-mobile-header-display":"","site-post-title":"disabled","ast-breadcrumbs-content":"","ast-featured-img":"","footer-sml-layout":"","ast-disable-related-posts":"","theme-transparent-header-meta":"enabled","adv-header-id-meta":"","stick-header-meta":"","header-above-stick-meta":"","header-main-stick-meta":"","header-below-stick-meta":"","astra-migrate-meta-layouts":"default","ast-page-background-enabled":"default","ast-page-background-meta":{"desktop":{"background-color":"var(--ast-global-color-5)","background-image":"","background-repeat":"repeat","background-position":"center center","background-size":"auto","background-attachment":"scroll","background-type":"","background-media":"","overlay-type":"","overlay-color":"","overlay-opacity":"","overlay-gradient":""},"tablet":{"background-color":"","background-image":"","background-repeat":"repeat","background-position":"center center","background-size":"auto","background-attachment":"scroll","background-type":"","background-media":"","overlay-type":"","overlay-color":"","overlay-opacity":"","overlay-gradient":""},"mobile":{"background-color":"","background-image":"","background-repeat":"repeat","background-position":"center center","background-size":"auto","background-attachment":"scroll","background-type":"","background-media":"","overlay-type":"","overlay-color":"","overlay-opacity":"","overlay-gradient":""}},"ast-content-background-meta":{"desktop":{"background-color":"var(--ast-global-color-4)","background-image":"","background-repeat":"repeat","background-position":"center center","background-size":"auto","background-attachment":"scroll","background-type":"","background-media":"","overlay-type":"","overlay-color":"","overlay-opacity":"","overlay-gradient":""},"tablet":{"background-color":"var(--ast-global-color-4)","background-image":"","background-repeat":"repeat","background-position":"center center","background-size":"auto","background-attachment":"scroll","background-type":"","background-media":"","overlay-type":"","overlay-color":"","overlay-opacity":"","overlay-gradient":""},"mobile":{"background-color":"var(--ast-global-color-4)","background-image":"","background-repeat":"repeat","background-position":"center center","background-size":"auto","background-attachment":"scroll","background-type":"","background-media":"","overlay-type":"","overlay-color":"","overlay-opacity":"","overlay-gradient":""}},"footnotes":""},"class_list":["post-14","page","type-page","status-publish","hentry"],"_links":{"self":[{"href":"https:\/\/colihual.cl\/index.php\/wp-json\/wp\/v2\/pages\/14","targetHints":{"allow":["GET"]}}],"collection":[{"href":"https:\/\/colihual.cl\/index.php\/wp-json\/wp\/v2\/pages"}],"about":[{"href":"https:\/\/colihual.cl\/index.php\/wp-json\/wp\/v2\/types\/page"}],"author":[{"embeddable":true,"href":"https:\/\/colihual.cl\/index.php\/wp-json\/wp\/v2\/users\/1"}],"replies":[{"embeddable":true,"href":"https:\/\/colihual.cl\/index.php\/wp-json\/wp\/v2\/comments?post=14"}],"version-history":[{"count":18,"href":"https:\/\/colihual.cl\/index.php\/wp-json\/wp\/v2\/pages\/14\/revisions"}],"predecessor-version":[{"id":393,"href":"https:\/\/colihual.cl\/index.php\/wp-json\/wp\/v2\/pages\/14\/revisions\/393"}],"wp:attachment":[{"href":"https:\/\/colihual.cl\/index.php\/wp-json\/wp\/v2\/media?parent=14"}],"curies":[{"name":"wp","href":"https:\/\/api.w.org\/{rel}","templated":true}]}}